{"id":1706,"date":"2022-11-18T14:45:24","date_gmt":"2022-11-18T13:45:24","guid":{"rendered":"https:\/\/8ujh.wp03.fastdigitalws.net\/nota-legal\/"},"modified":"2025-12-18T11:58:54","modified_gmt":"2025-12-18T10:58:54","slug":"nota-legal","status":"publish","type":"page","link":"https:\/\/www.ramioassessors.com\/es\/nota-legal\/","title":{"rendered":"Nota legal"},"content":{"rendered":"<h2>Aviso legal y condiciones de uso<\/h2>\n<p>Con el fin de dar cumplimiento a lo dispuesto en el art\u00edculo 10 de la Ley 34\/2002, de 11 de julio, de servicios de la sociedad de la informaci\u00f3n y de comercio electr\u00f3nico (LSSICE),<br \/>\nse informa a los usuarios de los siguientes datos:<\/p>\n<ul>\n<li><strong>Denominaci\u00f3n social:<\/strong> Rami\u00f3 Assessors, SL<\/li>\n<li><strong>Domicilio social:<\/strong> Pla\u00e7a de la Independ\u00e8ncia 12B, 17001 Girona<\/li>\n<li><strong>CIF:<\/strong> B17644550<\/li>\n<li><strong>Tel\u00e9fono:<\/strong> 972 426 307<\/li>\n<li><strong>E-mail:<\/strong> info@ramioassessors.cat<\/li>\n<li><strong>Sitio web:<\/strong> www.ramioassessors.com<\/li>\n<li><strong>Datos registrales:<\/strong> Registro Mercantil de Girona: tomo 1581, libro 0, folio 166, secci\u00f3n 8, hoja GI26553<\/li>\n<\/ul>\n<h3>1. Objeto<\/h3>\n<p>Rami\u00f3 Assessors, SL (en adelante, el \u201cPrestador\u201d), como responsable del sitio web, pone a disposici\u00f3n de los usuarios el presente documento,<br \/>\nque regula el uso del sitio web www.ramioassessors.com, con el fin de dar cumplimiento a las obligaciones establecidas en la Ley 34\/2002 (LSSICE),<br \/>\nas\u00ed como informar a todos los usuarios de las condiciones de uso del sitio web.<\/p>\n<p>A trav\u00e9s del sitio web, Rami\u00f3 Assessors, SL facilita a los usuarios el acceso y la utilizaci\u00f3n de diferentes servicios y contenidos puestos a disposici\u00f3n.<\/p>\n<p>Toda persona que acceda a este sitio web asume la condici\u00f3n de usuario (en adelante, el \u201cUsuario\u201d), lo que implica la aceptaci\u00f3n plena y sin reservas<br \/>\nde todas y cada una de las disposiciones incluidas en este Aviso Legal, as\u00ed como de cualesquiera otras disposiciones legales que fueran de aplicaci\u00f3n.<\/p>\n<p>Como Usuario, debe leer atentamente este Aviso Legal en cualquiera de las ocasiones en que acceda al sitio web, pues este puede sufrir modificaciones,<br \/>\nya que el Prestador se reserva el derecho a modificar cualquier tipo de informaci\u00f3n que pudiera aparecer en el sitio web, sin que exista obligaci\u00f3n de preavisar<br \/>\no poner en conocimiento de los Usuarios dichas modificaciones, siendo suficiente su publicaci\u00f3n en el sitio web del Prestador.<\/p>\n<h3>2. Condiciones de acceso y uso del sitio web<\/h3>\n<h4>2.1. Car\u00e1cter gratuito del acceso y uso del sitio web<\/h4>\n<p>La prestaci\u00f3n de los servicios por parte de Rami\u00f3 Assessors, SL tiene car\u00e1cter gratuito para todos los Usuarios.<br \/>\nNo obstante, algunos de los servicios suministrados por el Prestador o por terceros a trav\u00e9s del sitio web pueden estar sujetos al pago de un precio determinado,<br \/>\nconforme a las condiciones generales de contrataci\u00f3n que resulten aplicables.<\/p>\n<h4>2.2. Registro de Usuario<\/h4>\n<p>Con car\u00e1cter general, la prestaci\u00f3n de los servicios no exige la previa suscripci\u00f3n o registro de los Usuarios.<br \/>\nNo obstante, Rami\u00f3 Assessors, SL puede condicionar el uso de algunos servicios a la cumplimentaci\u00f3n previa del correspondiente registro,<br \/>\nque se efectuar\u00e1 en la forma expresamente indicada en la secci\u00f3n del servicio.<\/p>\n<h4>2.3. Veracidad de la informaci\u00f3n<\/h4>\n<p>Toda la informaci\u00f3n que facilite el Usuario debe ser veraz. A estos efectos, el Usuario garantiza la autenticidad de los datos comunicados<br \/>\na trav\u00e9s de los formularios habilitados en el sitio web. Ser\u00e1 responsabilidad del Usuario mantener la informaci\u00f3n permanentemente actualizada<br \/>\nde forma que responda, en cada momento, a su situaci\u00f3n real. En todo caso, el Usuario ser\u00e1 el \u00fanico responsable de las manifestaciones falsas<br \/>\no inexactas que realice y de los perjuicios que cause al Prestador o a terceros.<\/p>\n<h4>2.4. Menores de edad<\/h4>\n<p>Para el uso de los servicios, los menores de edad deber\u00e1n obtener previamente el consentimiento de los padres, tutores o representantes legales,<br \/>\nquienes ser\u00e1n responsables en \u00faltima instancia de todos los actos realizados por los menores a su cargo.<\/p>\n<h4>2.5. Obligaci\u00f3n de hacer un uso correcto del sitio web<\/h4>\n<p>El Usuario se compromete a utilizar el sitio web de conformidad con la Ley, el presente Aviso Legal, la moral y las buenas costumbres.<br \/>\nA tal efecto, el Usuario se abstendr\u00e1 de utilizar el sitio web con fines il\u00edcitos o prohibidos, lesivos de derechos e intereses de terceros,<br \/>\no que de cualquier forma puedan da\u00f1ar, inutilizar, sobrecargar, deteriorar o impedir la normal utilizaci\u00f3n de equipos inform\u00e1ticos o documentos,<br \/>\narchivos y toda clase de contenidos almacenados en cualquier equipo inform\u00e1tico del Prestador.<\/p>\n<p>En particular, y a t\u00edtulo meramente indicativo, el Usuario se compromete a no transmitir, difundir o poner a disposici\u00f3n de terceros informaciones,<br \/>\ndatos, contenidos, mensajes, gr\u00e1ficos, dibujos, archivos de sonido o imagen, fotograf\u00edas, grabaciones, software y, en general, cualquier clase de material que:<\/p>\n<ul>\n<li>(a) sea contrario, menosprecie o atente contra los derechos fundamentales y las libertades p\u00fablicas reconocidas constitucionalmente,<br \/>\nen tratados internacionales y en el resto de la normativa vigente;<\/li>\n<li>(b) induzca, incite o promueva actuaciones delictivas, denigrantes, difamatorias, violentas o, en general, contrarias a la ley, a la moral y al orden p\u00fablico;<\/li>\n<li>(c) induzca, incite o promueva actuaciones, actitudes o pensamientos discriminatorios por raz\u00f3n de sexo, raza, religi\u00f3n, creencias, edad o condici\u00f3n;<\/li>\n<li>(d) sea contrario al derecho al honor, a la intimidad personal o familiar o a la propia imagen de las personas;<\/li>\n<li>(e) de cualquier manera perjudique la credibilidad del Prestador o de terceros; y<\/li>\n<li>(f) constituya publicidad il\u00edcita, enga\u00f1osa o desleal.<\/li>\n<\/ul>\n<h3>3. Exclusi\u00f3n de garant\u00edas y responsabilidad<\/h3>\n<p>El Prestador se exime de cualquier tipo de responsabilidad derivada de la informaci\u00f3n publicada en el sitio web, siempre que dicha informaci\u00f3n<br \/>\nhaya sido manipulada o introducida por un tercero ajeno al Prestador.<\/p>\n<p>Este sitio web ha sido revisado y probado para que funcione correctamente. En principio, puede garantizarse el correcto funcionamiento los 365 d\u00edas del a\u00f1o, 24 horas al d\u00eda.<br \/>\nNo obstante, el Prestador no descarta la posibilidad de que existan errores de programaci\u00f3n, o que concurran causas de fuerza mayor, cat\u00e1strofes naturales, huelgas<br \/>\no circunstancias similares que hagan imposible el acceso al sitio web.<\/p>\n<p>Rami\u00f3 Assessors, SL no otorga ninguna garant\u00eda ni se hace responsable, en ning\u00fan caso, de los da\u00f1os y perjuicios de cualquier naturaleza<br \/>\nque pudieran derivarse de la falta de disponibilidad, mantenimiento y efectivo funcionamiento del sitio web o de sus servicios y contenidos;<br \/>\nde la existencia de virus, programas maliciosos o lesivos en los contenidos; del uso il\u00edcito, negligente, fraudulento o contrario al presente Aviso Legal;<br \/>\no de la falta de licitud, calidad, fiabilidad, utilidad y disponibilidad de los servicios prestados por terceros y puestos a disposici\u00f3n de los Usuarios en el sitio web.<\/p>\n<p>El Prestador no se hace responsable, bajo ning\u00fan concepto, de los da\u00f1os que pudieran derivarse del uso ilegal o indebido del presente sitio web.<\/p>\n<h3>4. Cookies<\/h3>\n<p>El sitio web puede utilizar cookies y tecnolog\u00edas similares propias y\/o de terceros con finalidades t\u00e9cnicas y, en su caso, de an\u00e1lisis, personalizaci\u00f3n o marketing,<br \/>\nde acuerdo con la configuraci\u00f3n y el consentimiento del Usuario cuando sea necesario.<\/p>\n<p>Para m\u00e1s informaci\u00f3n, consulte la <strong>Pol\u00edtica de Cookies<\/strong>.<\/p>\n<h3>5. Enlaces (links)<\/h3>\n<p>Desde el sitio web es posible que se redirija a contenidos de terceros. Dado que el Prestador no puede controlar siempre los contenidos introducidos por terceros,<br \/>\nRami\u00f3 Assessors, SL no asume ning\u00fan tipo de responsabilidad respecto a dichos contenidos.<\/p>\n<p>Asimismo, el Prestador manifiesta que proceder\u00e1 a la retirada inmediata de cualquier contenido que pudiera contravenir la legislaci\u00f3n nacional o internacional,<br \/>\nla moral o el orden p\u00fablico, procediendo a la retirada inmediata de la redirecci\u00f3n a dichas webs y poniendo en conocimiento de las autoridades competentes el contenido en cuesti\u00f3n.<\/p>\n<p>El Prestador no se responsabiliza de la informaci\u00f3n y contenidos almacenados, a t\u00edtulo enunciativo pero no limitativo, en foros, chats, generadores de blogs, comentarios,<br \/>\nredes sociales o cualquier otro medio que permita a terceros publicar contenidos de forma independiente en el sitio web del Prestador.<br \/>\nNo obstante, y en cumplimiento de lo dispuesto en los art\u00edculos 11 y 16 de la LSSICE, el Prestador se pone a disposici\u00f3n de los Usuarios, autoridades y fuerzas de seguridad,<br \/>\ncolaborando activamente en la retirada o, en su caso, el bloqueo de todos aquellos contenidos que pudieran afectar o contravenir la normativa vigente, derechos de terceros o la moral y el orden p\u00fablico.<br \/>\nEn caso de que el Usuario considere que existe en el sitio web alg\u00fan contenido que pudiera ser susceptible de esta clasificaci\u00f3n, se ruega lo notifique de forma inmediata al administrador del sitio web.<\/p>\n<h3>6. Protecci\u00f3n de datos personales<\/h3>\n<p>El Prestador est\u00e1 comprometido con el cumplimiento de la normativa de protecci\u00f3n de datos personales y garantiza el cumplimiento \u00edntegro de las obligaciones establecidas,<br \/>\nas\u00ed como la implementaci\u00f3n de las medidas de seguridad previstas en el RGPD y la normativa espa\u00f1ola aplicable.<\/p>\n<p>Para m\u00e1s informaci\u00f3n, consulte la <strong>Pol\u00edtica de Privacidad<\/strong>.<\/p>\n<h3>7. Redes sociales<\/h3>\n<p>Rami\u00f3 Assessors, SL puede estar presente en redes sociales. El tratamiento de los datos que los usuarios incluyan en las mismas (por ejemplo, al hacerse seguidores del Prestador<br \/>\no realizar cualquier acci\u00f3n de conexi\u00f3n a trav\u00e9s de estas) se regir\u00e1 por este apartado, as\u00ed como por las condiciones de uso, pol\u00edticas de privacidad y normativas de acceso y uso de las redes sociales correspondientes,<br \/>\naceptadas previamente por el Usuario.<\/p>\n<p>Rami\u00f3 Assessors, SL tratar\u00e1 los datos con la finalidad de informar sobre sus actividades, productos o servicios a trav\u00e9s de dichas redes sociales,<br \/>\nas\u00ed como para cualquier otra finalidad que las normativas de las redes sociales permitan. No obstante, no se hace responsable de las pol\u00edticas de privacidad de dichas plataformas.<\/p>\n<p>Queda prohibida la publicaci\u00f3n de contenidos:<\/p>\n<ul>\n<li>Que sean presuntamente il\u00edcitos conforme a la normativa nacional, comunitaria o internacional o que realicen actividades presuntamente il\u00edcitas o contravengan los principios de la buena fe.<\/li>\n<li>Que atenten contra los derechos fundamentales de las personas, falten a la cortes\u00eda en la red, molesten o puedan generar opiniones negativas en nuestros usuarios o terceros.<\/li>\n<li>Que contravengan los principios de legalidad, honor, responsabilidad, protecci\u00f3n de la dignidad humana, protecci\u00f3n de menores, orden p\u00fablico, vida privada, protecci\u00f3n del consumidor y los derechos de propiedad intelectual e industrial.<\/li>\n<\/ul>\n<p>Asimismo, Rami\u00f3 Assessors, SL se reserva la potestad de retirar, sin previo aviso, del sitio web o de la red social corporativa aquellos contenidos que se consideren no apropiados.<\/p>\n<h3>8. Propiedad intelectual e industrial<\/h3>\n<p>El sitio web, incluyendo a t\u00edtulo enunciativo pero no limitativo la programaci\u00f3n, edici\u00f3n, compilaci\u00f3n y dem\u00e1s elementos necesarios para su funcionamiento,<br \/>\nlos dise\u00f1os, logotipos, textos, fotograf\u00edas y\/o gr\u00e1ficos, son propiedad del Prestador o, en su caso, dispone de licencia o autorizaci\u00f3n expresa por parte de los autores.<br \/>\nTodos los contenidos del sitio web est\u00e1n debidamente protegidos por la normativa de propiedad intelectual e industrial.<\/p>\n<p>La reproducci\u00f3n total o parcial, uso, distribuci\u00f3n y comunicaci\u00f3n p\u00fablica requieren la autorizaci\u00f3n escrita previa del Prestador, salvo en los casos legalmente permitidos.<br \/>\nCualquier uso no autorizado previamente por el Prestador se considerar\u00e1 un incumplimiento grave de los derechos de propiedad intelectual o industrial.<\/p>\n<p>Los dise\u00f1os, logotipos, textos y\/o gr\u00e1ficos ajenos al Prestador que pudieran aparecer en el sitio web pertenecen a sus respectivos propietarios,<br \/>\nsiendo estos responsables de cualquier posible controversia que pudiera suscitarse respecto a los mismos. En todo caso, el Prestador cuenta con la autorizaci\u00f3n expresa y previa para su uso cuando sea necesario.<\/p>\n<p>El Prestador reconoce a favor de sus titulares los correspondientes derechos de propiedad intelectual e industrial, no implicando su menci\u00f3n o aparici\u00f3n en el sitio web<br \/>\nla existencia de derechos o responsabilidad alguna del Prestador sobre los mismos, ni respaldo, patrocinio o recomendaci\u00f3n por parte del Prestador.<\/p>\n<p>Para realizar cualquier observaci\u00f3n respecto a posibles incumplimientos de los derechos de propiedad intelectual o industrial, as\u00ed como sobre cualquiera de los contenidos del sitio web,<br \/>\npuede hacerlo a trav\u00e9s del correo electr\u00f3nico indicado anteriormente.<\/p>\n<h3>9. Ley aplicable y jurisdicci\u00f3n<\/h3>\n<p>Para la resoluci\u00f3n de las controversias o cuestiones relacionadas con este sitio web o con las actividades desarrolladas en el mismo,<br \/>\nser\u00e1 de aplicaci\u00f3n la legislaci\u00f3n espa\u00f1ola, a la que se someten expresamente las partes, siendo competentes para la resoluci\u00f3n de todos los conflictos<br \/>\nderivados o relacionados con su uso los Juzgados y Tribunales de Girona.<\/p>\n","protected":false},"excerpt":{"rendered":"<p>Aviso legal y condiciones de uso Con el fin de  [&#8230;]<\/p>\n","protected":false},"author":2,"featured_media":0,"parent":0,"menu_order":0,"comment_status":"closed","ping_status":"closed","template":"100-width.php","meta":{"_coblocks_attr":"","_coblocks_dimensions":"","_coblocks_responsive_height":"","_coblocks_accordion_ie_support":"","footnotes":""},"class_list":["post-1706","page","type-page","status-publish","hentry"],"yoast_head":"<!-- This site is optimized with the Yoast SEO plugin v25.5 - https:\/\/yoast.com\/wordpress\/plugins\/seo\/ -->\n<title>Nota legal | Rami\u00f3 Assessors<\/title>\n<meta name=\"robots\" content=\"index, follow, max-snippet:-1, max-image-preview:large, max-video-preview:-1\" \/>\n<link rel=\"canonical\" href=\"https:\/\/www.ramioassessors.com\/es\/nota-legal\/\" \/>\n<meta property=\"og:locale\" content=\"es_ES\" \/>\n<meta property=\"og:type\" content=\"article\" \/>\n<meta property=\"og:title\" content=\"Nota legal | Rami\u00f3 Assessors\" \/>\n<meta property=\"og:description\" content=\"Aviso legal y condiciones de uso Con el fin de [...]\" \/>\n<meta property=\"og:url\" content=\"https:\/\/www.ramioassessors.com\/es\/nota-legal\/\" \/>\n<meta property=\"og:site_name\" content=\"Rami\u00f3 Assessors\" \/>\n<meta property=\"article:modified_time\" content=\"2025-12-18T10:58:54+00:00\" \/>\n<meta name=\"twitter:card\" content=\"summary_large_image\" \/>\n<meta name=\"twitter:label1\" content=\"Tiempo de lectura\" \/>\n\t<meta name=\"twitter:data1\" content=\"12 minutos\" \/>\n<script type=\"application\/ld+json\" class=\"yoast-schema-graph\">{\"@context\":\"https:\/\/schema.org\",\"@graph\":[{\"@type\":\"WebPage\",\"@id\":\"https:\/\/www.ramioassessors.com\/es\/nota-legal\/\",\"url\":\"https:\/\/www.ramioassessors.com\/es\/nota-legal\/\",\"name\":\"Nota legal | Rami\u00f3 Assessors\",\"isPartOf\":{\"@id\":\"https:\/\/www.ramioassessors.com\/es\/#website\"},\"datePublished\":\"2022-11-18T13:45:24+00:00\",\"dateModified\":\"2025-12-18T10:58:54+00:00\",\"breadcrumb\":{\"@id\":\"https:\/\/www.ramioassessors.com\/es\/nota-legal\/#breadcrumb\"},\"inLanguage\":\"es\",\"potentialAction\":[{\"@type\":\"ReadAction\",\"target\":[\"https:\/\/www.ramioassessors.com\/es\/nota-legal\/\"]}]},{\"@type\":\"BreadcrumbList\",\"@id\":\"https:\/\/www.ramioassessors.com\/es\/nota-legal\/#breadcrumb\",\"itemListElement\":[{\"@type\":\"ListItem\",\"position\":1,\"name\":\"Home\",\"item\":\"https:\/\/www.ramioassessors.com\/es\/home\/\"},{\"@type\":\"ListItem\",\"position\":2,\"name\":\"Nota legal\"}]},{\"@type\":\"WebSite\",\"@id\":\"https:\/\/www.ramioassessors.com\/es\/#website\",\"url\":\"https:\/\/www.ramioassessors.com\/es\/\",\"name\":\"Rami\u00f3 Assessors\",\"description\":\"Tot el que la teva empresa necessita\",\"publisher\":{\"@id\":\"https:\/\/www.ramioassessors.com\/es\/#organization\"},\"alternateName\":\"Tot el que la teva empresa necessita\",\"potentialAction\":[{\"@type\":\"SearchAction\",\"target\":{\"@type\":\"EntryPoint\",\"urlTemplate\":\"https:\/\/www.ramioassessors.com\/es\/?s={search_term_string}\"},\"query-input\":{\"@type\":\"PropertyValueSpecification\",\"valueRequired\":true,\"valueName\":\"search_term_string\"}}],\"inLanguage\":\"es\"},{\"@type\":\"Organization\",\"@id\":\"https:\/\/www.ramioassessors.com\/es\/#organization\",\"name\":\"Rami\u00f3 Assessors\",\"alternateName\":\"Tot el que la teva empresa necessita\",\"url\":\"https:\/\/www.ramioassessors.com\/es\/\",\"logo\":{\"@type\":\"ImageObject\",\"inLanguage\":\"es\",\"@id\":\"https:\/\/www.ramioassessors.com\/es\/#\/schema\/logo\/image\/\",\"url\":\"https:\/\/www.ramioassessors.com\/wp-content\/uploads\/2022\/10\/Ramio-Consulting.svg\",\"contentUrl\":\"https:\/\/www.ramioassessors.com\/wp-content\/uploads\/2022\/10\/Ramio-Consulting.svg\",\"width\":155,\"height\":57,\"caption\":\"Rami\u00f3 Assessors\"},\"image\":{\"@id\":\"https:\/\/www.ramioassessors.com\/es\/#\/schema\/logo\/image\/\"}}]}<\/script>\n<!-- \/ Yoast SEO plugin. -->","yoast_head_json":{"title":"Nota legal | Rami\u00f3 Assessors","robots":{"index":"index","follow":"follow","max-snippet":"max-snippet:-1","max-image-preview":"max-image-preview:large","max-video-preview":"max-video-preview:-1"},"canonical":"https:\/\/www.ramioassessors.com\/es\/nota-legal\/","og_locale":"es_ES","og_type":"article","og_title":"Nota legal | Rami\u00f3 Assessors","og_description":"Aviso legal y condiciones de uso Con el fin de [...]","og_url":"https:\/\/www.ramioassessors.com\/es\/nota-legal\/","og_site_name":"Rami\u00f3 Assessors","article_modified_time":"2025-12-18T10:58:54+00:00","twitter_card":"summary_large_image","twitter_misc":{"Tiempo de lectura":"12 minutos"},"schema":{"@context":"https:\/\/schema.org","@graph":[{"@type":"WebPage","@id":"https:\/\/www.ramioassessors.com\/es\/nota-legal\/","url":"https:\/\/www.ramioassessors.com\/es\/nota-legal\/","name":"Nota legal | Rami\u00f3 Assessors","isPartOf":{"@id":"https:\/\/www.ramioassessors.com\/es\/#website"},"datePublished":"2022-11-18T13:45:24+00:00","dateModified":"2025-12-18T10:58:54+00:00","breadcrumb":{"@id":"https:\/\/www.ramioassessors.com\/es\/nota-legal\/#breadcrumb"},"inLanguage":"es","potentialAction":[{"@type":"ReadAction","target":["https:\/\/www.ramioassessors.com\/es\/nota-legal\/"]}]},{"@type":"BreadcrumbList","@id":"https:\/\/www.ramioassessors.com\/es\/nota-legal\/#breadcrumb","itemListElement":[{"@type":"ListItem","position":1,"name":"Home","item":"https:\/\/www.ramioassessors.com\/es\/home\/"},{"@type":"ListItem","position":2,"name":"Nota legal"}]},{"@type":"WebSite","@id":"https:\/\/www.ramioassessors.com\/es\/#website","url":"https:\/\/www.ramioassessors.com\/es\/","name":"Rami\u00f3 Assessors","description":"Tot el que la teva empresa necessita","publisher":{"@id":"https:\/\/www.ramioassessors.com\/es\/#organization"},"alternateName":"Tot el que la teva empresa necessita","potentialAction":[{"@type":"SearchAction","target":{"@type":"EntryPoint","urlTemplate":"https:\/\/www.ramioassessors.com\/es\/?s={search_term_string}"},"query-input":{"@type":"PropertyValueSpecification","valueRequired":true,"valueName":"search_term_string"}}],"inLanguage":"es"},{"@type":"Organization","@id":"https:\/\/www.ramioassessors.com\/es\/#organization","name":"Rami\u00f3 Assessors","alternateName":"Tot el que la teva empresa necessita","url":"https:\/\/www.ramioassessors.com\/es\/","logo":{"@type":"ImageObject","inLanguage":"es","@id":"https:\/\/www.ramioassessors.com\/es\/#\/schema\/logo\/image\/","url":"https:\/\/www.ramioassessors.com\/wp-content\/uploads\/2022\/10\/Ramio-Consulting.svg","contentUrl":"https:\/\/www.ramioassessors.com\/wp-content\/uploads\/2022\/10\/Ramio-Consulting.svg","width":155,"height":57,"caption":"Rami\u00f3 Assessors"},"image":{"@id":"https:\/\/www.ramioassessors.com\/es\/#\/schema\/logo\/image\/"}}]}},"_links":{"self":[{"href":"https:\/\/www.ramioassessors.com\/es\/wp-json\/wp\/v2\/pages\/1706","targetHints":{"allow":["GET"]}}],"collection":[{"href":"https:\/\/www.ramioassessors.com\/es\/wp-json\/wp\/v2\/pages"}],"about":[{"href":"https:\/\/www.ramioassessors.com\/es\/wp-json\/wp\/v2\/types\/page"}],"author":[{"embeddable":true,"href":"https:\/\/www.ramioassessors.com\/es\/wp-json\/wp\/v2\/users\/2"}],"replies":[{"embeddable":true,"href":"https:\/\/www.ramioassessors.com\/es\/wp-json\/wp\/v2\/comments?post=1706"}],"version-history":[{"count":0,"href":"https:\/\/www.ramioassessors.com\/es\/wp-json\/wp\/v2\/pages\/1706\/revisions"}],"wp:attachment":[{"href":"https:\/\/www.ramioassessors.com\/es\/wp-json\/wp\/v2\/media?parent=1706"}],"curies":[{"name":"wp","href":"https:\/\/api.w.org\/{rel}","templated":true}]}}