{"id":139,"date":"2022-09-07T09:36:56","date_gmt":"2022-09-07T07:36:56","guid":{"rendered":"https:\/\/8ujh.wp03.fastdigitalws.net\/politica-de-privacidad\/"},"modified":"2025-12-18T11:24:31","modified_gmt":"2025-12-18T10:24:31","slug":"politica-de-privacidad","status":"publish","type":"page","link":"https:\/\/www.ramioassessors.com\/es\/politica-de-privacidad\/","title":{"rendered":"Pol\u00edtica de privacidad"},"content":{"rendered":"<h2>Pol\u00edtica de privacidad<\/h2>\n<p>\nDe conformidad con lo dispuesto en el Reglamento (UE) 2016\/679 del Parlamento Europeo y del Consejo, de 27 de abril de 2016 (RGPD),<br \/>\nla Ley Org\u00e1nica 3\/2018, de 5 de diciembre, de protecci\u00f3n de datos personales y garant\u00eda de los derechos digitales (LOPDGDD),<br \/>\ny la Ley 34\/2002, de 11 de julio, de servicios de la sociedad de la informaci\u00f3n y del comercio electr\u00f3nico (LSSICE),<br \/>\nse informa a los usuarios del sitio web sobre el tratamiento de sus datos personales.\n<\/p>\n<h3>1. Responsable del tratamiento<\/h3>\n<ul>\n<li><strong>Responsable:<\/strong> Rami\u00f3 Assessors, SL<\/li>\n<li><strong>CIF:<\/strong> B17644550<\/li>\n<li><strong>Domicilio:<\/strong> Pla\u00e7a de la Independ\u00e8ncia, 12B \u2013 17001 Girona<\/li>\n<li><strong>Tel\u00e9fono:<\/strong> 972 426 307<\/li>\n<li><strong>Correo electr\u00f3nico:<\/strong> info@ramioassessors.com<\/li>\n<\/ul>\n<h3>2. Datos personales que se tratan<\/h3>\n<p>\nA trav\u00e9s del presente sitio web pueden recogerse datos personales, principalmente mediante formularios de contacto,<br \/>\nconsultas o comunicaciones electr\u00f3nicas. Los datos tratados pueden incluir:\n<\/p>\n<ul>\n<li>Datos identificativos (nombre y apellidos)<\/li>\n<li>Datos de contacto (correo electr\u00f3nico, tel\u00e9fono)<\/li>\n<li>Cualquier otra informaci\u00f3n que el usuario facilite voluntariamente en el contenido del mensaje<\/li>\n<\/ul>\n<h3>3. Finalidades del tratamiento<\/h3>\n<p>\nLos datos personales facilitados por el usuario se tratar\u00e1n con las siguientes finalidades:\n<\/p>\n<ul>\n<li>Atender y responder las consultas o solicitudes de informaci\u00f3n realizadas a trav\u00e9s del sitio web<\/li>\n<li>Gestionar la relaci\u00f3n profesional o precontractual derivada de la solicitud<\/li>\n<li>Prestar los servicios propios de la actividad de Rami\u00f3 Assessors, SL<\/li>\n<li>Enviar comunicaciones informativas o comerciales, cuando el usuario lo haya autorizado expresamente<\/li>\n<\/ul>\n<h3>4. Base jur\u00eddica del tratamiento<\/h3>\n<p>\nLa base legal para el tratamiento de los datos personales es:\n<\/p>\n<ul>\n<li>El consentimiento del interesado (art. 6.1.a RGPD)<\/li>\n<li>La ejecuci\u00f3n de medidas precontractuales o contractuales (art. 6.1.b RGPD)<\/li>\n<li>El cumplimiento de obligaciones legales aplicables al responsable del tratamiento (art. 6.1.c RGPD)<\/li>\n<\/ul>\n<p>\nEl interesado podr\u00e1 retirar el consentimiento en cualquier momento, sin que ello afecte a la licitud del tratamiento<br \/>\nrealizado con anterioridad a su retirada.\n<\/p>\n<h3>5. Plazos de conservaci\u00f3n<\/h3>\n<p>\nLos datos personales se conservar\u00e1n durante el tiempo estrictamente necesario para cumplir con la finalidad para la que<br \/>\nfueron recabados y, posteriormente, durante los plazos legalmente exigibles o mientras puedan derivarse responsabilidades<br \/>\ndel tratamiento.\n<\/p>\n<h3>6. Destinatarios de los datos<\/h3>\n<p>\nLos datos personales no se comunicar\u00e1n a terceros, salvo obligaci\u00f3n legal o cuando sea necesario para la correcta<br \/>\nprestaci\u00f3n del servicio (encargados del tratamiento), con los que se han formalizado los correspondientes contratos<br \/>\nde tratamiento de datos.\n<\/p>\n<h3>7. Derechos de las personas interesadas<\/h3>\n<p>\nEl interesado puede ejercer los siguientes derechos en relaci\u00f3n con sus datos personales:\n<\/p>\n<ul>\n<li>Derecho de acceso<\/li>\n<li>Derecho de rectificaci\u00f3n<\/li>\n<li>Derecho de supresi\u00f3n<\/li>\n<li>Derecho a la limitaci\u00f3n del tratamiento<\/li>\n<li>Derecho de oposici\u00f3n<\/li>\n<li>Derecho a la portabilidad de los datos<\/li>\n<\/ul>\n<p>\nPara ejercer estos derechos, el interesado puede enviar una solicitud escrita, acompa\u00f1ada de un documento acreditativo<br \/>\nde su identidad, a:\n<\/p>\n<p>\n<strong>Rami\u00f3 Assessors, SL<\/strong><br \/>\nPla\u00e7a de la Independ\u00e8ncia, 12B \u2013 17001 Girona<br \/>\nCorreo electr\u00f3nico: info@ramioassessors.com\n<\/p>\n<p>\nAsimismo, tiene derecho a presentar una reclamaci\u00f3n ante la Agencia Espa\u00f1ola de Protecci\u00f3n de Datos<br \/>\n(<a href=\"https:\/\/www.aepd.es\" target=\"_blank\" rel=\"noopener\">www.aepd.es<\/a>) si considera que el tratamiento de sus datos<br \/>\nno se ajusta a la normativa vigente.\n<\/p>\n<h3>8. Medidas de seguridad<\/h3>\n<p>\nRami\u00f3 Assessors, SL ha adoptado las medidas t\u00e9cnicas y organizativas necesarias para garantizar un nivel de seguridad<br \/>\nadecuado al riesgo del tratamiento, evitando la p\u00e9rdida, alteraci\u00f3n, acceso no autorizado o divulgaci\u00f3n de los datos<br \/>\npersonales.\n<\/p>\n<h3>9. Exactitud de los datos<\/h3>\n<p>\nEl usuario garantiza que los datos facilitados son veraces, exactos y actualizados, y se compromete a comunicar<br \/>\ncualquier modificaci\u00f3n. El usuario ser\u00e1 el \u00fanico responsable de cualquier da\u00f1o o perjuicio derivado del incumplimiento<br \/>\nde esta obligaci\u00f3n.\n<\/p>\n<h3>10. Cambios en la pol\u00edtica de privacidad<\/h3>\n<p>\nRami\u00f3 Assessors, SL se reserva el derecho a modificar la presente pol\u00edtica de privacidad para adaptarla a novedades<br \/>\nlegislativas o jurisprudenciales. En estos casos, los cambios se anunciar\u00e1n en esta misma p\u00e1gina.\n<\/p>\n<h3>11. Legislaci\u00f3n aplicable y jurisdicci\u00f3n<\/h3>\n<p>\nLa relaci\u00f3n entre Rami\u00f3 Assessors, SL y los usuarios del sitio web se rige por la legislaci\u00f3n espa\u00f1ola.<br \/>\nPara la resoluci\u00f3n de cualquier conflicto, las partes se someten a los juzgados y tribunales de Girona,<br \/>\ncuando la normativa aplicable lo permita.<\/p>\n","protected":false},"excerpt":{"rendered":"<p>Pol\u00edtica de privacidad De conformidad con lo dispuesto en el  [&#8230;]<\/p>\n","protected":false},"author":2,"featured_media":0,"parent":0,"menu_order":0,"comment_status":"closed","ping_status":"closed","template":"","meta":{"_coblocks_attr":"","_coblocks_dimensions":"","_coblocks_responsive_height":"","_coblocks_accordion_ie_support":"","footnotes":""},"class_list":["post-139","page","type-page","status-publish","hentry"],"yoast_head":"<!-- This site is optimized with the Yoast SEO plugin v25.5 - https:\/\/yoast.com\/wordpress\/plugins\/seo\/ -->\n<title>Pol\u00edtica de privacidad | Rami\u00f3 Assessors<\/title>\n<meta name=\"robots\" content=\"index, follow, max-snippet:-1, max-image-preview:large, max-video-preview:-1\" \/>\n<link rel=\"canonical\" href=\"https:\/\/www.ramioassessors.com\/es\/politica-de-privacidad\/\" \/>\n<meta property=\"og:locale\" content=\"es_ES\" \/>\n<meta property=\"og:type\" content=\"article\" \/>\n<meta property=\"og:title\" content=\"Pol\u00edtica de privacidad | Rami\u00f3 Assessors\" \/>\n<meta property=\"og:description\" content=\"Pol\u00edtica de privacidad De conformidad con lo dispuesto en el [...]\" \/>\n<meta property=\"og:url\" content=\"https:\/\/www.ramioassessors.com\/es\/politica-de-privacidad\/\" \/>\n<meta property=\"og:site_name\" content=\"Rami\u00f3 Assessors\" \/>\n<meta property=\"article:modified_time\" content=\"2025-12-18T10:24:31+00:00\" \/>\n<meta name=\"twitter:card\" content=\"summary_large_image\" \/>\n<meta name=\"twitter:label1\" content=\"Tiempo de lectura\" \/>\n\t<meta name=\"twitter:data1\" content=\"7 minutos\" \/>\n<script type=\"application\/ld+json\" class=\"yoast-schema-graph\">{\"@context\":\"https:\/\/schema.org\",\"@graph\":[{\"@type\":\"WebPage\",\"@id\":\"https:\/\/www.ramioassessors.com\/es\/politica-de-privacidad\/\",\"url\":\"https:\/\/www.ramioassessors.com\/es\/politica-de-privacidad\/\",\"name\":\"Pol\u00edtica de privacidad | Rami\u00f3 Assessors\",\"isPartOf\":{\"@id\":\"https:\/\/www.ramioassessors.com\/es\/#website\"},\"datePublished\":\"2022-09-07T07:36:56+00:00\",\"dateModified\":\"2025-12-18T10:24:31+00:00\",\"breadcrumb\":{\"@id\":\"https:\/\/www.ramioassessors.com\/es\/politica-de-privacidad\/#breadcrumb\"},\"inLanguage\":\"es\",\"potentialAction\":[{\"@type\":\"ReadAction\",\"target\":[\"https:\/\/www.ramioassessors.com\/es\/politica-de-privacidad\/\"]}]},{\"@type\":\"BreadcrumbList\",\"@id\":\"https:\/\/www.ramioassessors.com\/es\/politica-de-privacidad\/#breadcrumb\",\"itemListElement\":[{\"@type\":\"ListItem\",\"position\":1,\"name\":\"Home\",\"item\":\"https:\/\/www.ramioassessors.com\/es\/home\/\"},{\"@type\":\"ListItem\",\"position\":2,\"name\":\"Pol\u00edtica de privacidad\"}]},{\"@type\":\"WebSite\",\"@id\":\"https:\/\/www.ramioassessors.com\/es\/#website\",\"url\":\"https:\/\/www.ramioassessors.com\/es\/\",\"name\":\"Rami\u00f3 Assessors\",\"description\":\"Tot el que la teva empresa necessita\",\"publisher\":{\"@id\":\"https:\/\/www.ramioassessors.com\/es\/#organization\"},\"alternateName\":\"Tot el que la teva empresa necessita\",\"potentialAction\":[{\"@type\":\"SearchAction\",\"target\":{\"@type\":\"EntryPoint\",\"urlTemplate\":\"https:\/\/www.ramioassessors.com\/es\/?s={search_term_string}\"},\"query-input\":{\"@type\":\"PropertyValueSpecification\",\"valueRequired\":true,\"valueName\":\"search_term_string\"}}],\"inLanguage\":\"es\"},{\"@type\":\"Organization\",\"@id\":\"https:\/\/www.ramioassessors.com\/es\/#organization\",\"name\":\"Rami\u00f3 Assessors\",\"alternateName\":\"Tot el que la teva empresa necessita\",\"url\":\"https:\/\/www.ramioassessors.com\/es\/\",\"logo\":{\"@type\":\"ImageObject\",\"inLanguage\":\"es\",\"@id\":\"https:\/\/www.ramioassessors.com\/es\/#\/schema\/logo\/image\/\",\"url\":\"https:\/\/www.ramioassessors.com\/wp-content\/uploads\/2022\/10\/Ramio-Consulting.svg\",\"contentUrl\":\"https:\/\/www.ramioassessors.com\/wp-content\/uploads\/2022\/10\/Ramio-Consulting.svg\",\"width\":155,\"height\":57,\"caption\":\"Rami\u00f3 Assessors\"},\"image\":{\"@id\":\"https:\/\/www.ramioassessors.com\/es\/#\/schema\/logo\/image\/\"}}]}<\/script>\n<!-- \/ Yoast SEO plugin. -->","yoast_head_json":{"title":"Pol\u00edtica de privacidad | Rami\u00f3 Assessors","robots":{"index":"index","follow":"follow","max-snippet":"max-snippet:-1","max-image-preview":"max-image-preview:large","max-video-preview":"max-video-preview:-1"},"canonical":"https:\/\/www.ramioassessors.com\/es\/politica-de-privacidad\/","og_locale":"es_ES","og_type":"article","og_title":"Pol\u00edtica de privacidad | Rami\u00f3 Assessors","og_description":"Pol\u00edtica de privacidad De conformidad con lo dispuesto en el [...]","og_url":"https:\/\/www.ramioassessors.com\/es\/politica-de-privacidad\/","og_site_name":"Rami\u00f3 Assessors","article_modified_time":"2025-12-18T10:24:31+00:00","twitter_card":"summary_large_image","twitter_misc":{"Tiempo de lectura":"7 minutos"},"schema":{"@context":"https:\/\/schema.org","@graph":[{"@type":"WebPage","@id":"https:\/\/www.ramioassessors.com\/es\/politica-de-privacidad\/","url":"https:\/\/www.ramioassessors.com\/es\/politica-de-privacidad\/","name":"Pol\u00edtica de privacidad | Rami\u00f3 Assessors","isPartOf":{"@id":"https:\/\/www.ramioassessors.com\/es\/#website"},"datePublished":"2022-09-07T07:36:56+00:00","dateModified":"2025-12-18T10:24:31+00:00","breadcrumb":{"@id":"https:\/\/www.ramioassessors.com\/es\/politica-de-privacidad\/#breadcrumb"},"inLanguage":"es","potentialAction":[{"@type":"ReadAction","target":["https:\/\/www.ramioassessors.com\/es\/politica-de-privacidad\/"]}]},{"@type":"BreadcrumbList","@id":"https:\/\/www.ramioassessors.com\/es\/politica-de-privacidad\/#breadcrumb","itemListElement":[{"@type":"ListItem","position":1,"name":"Home","item":"https:\/\/www.ramioassessors.com\/es\/home\/"},{"@type":"ListItem","position":2,"name":"Pol\u00edtica de privacidad"}]},{"@type":"WebSite","@id":"https:\/\/www.ramioassessors.com\/es\/#website","url":"https:\/\/www.ramioassessors.com\/es\/","name":"Rami\u00f3 Assessors","description":"Tot el que la teva empresa necessita","publisher":{"@id":"https:\/\/www.ramioassessors.com\/es\/#organization"},"alternateName":"Tot el que la teva empresa necessita","potentialAction":[{"@type":"SearchAction","target":{"@type":"EntryPoint","urlTemplate":"https:\/\/www.ramioassessors.com\/es\/?s={search_term_string}"},"query-input":{"@type":"PropertyValueSpecification","valueRequired":true,"valueName":"search_term_string"}}],"inLanguage":"es"},{"@type":"Organization","@id":"https:\/\/www.ramioassessors.com\/es\/#organization","name":"Rami\u00f3 Assessors","alternateName":"Tot el que la teva empresa necessita","url":"https:\/\/www.ramioassessors.com\/es\/","logo":{"@type":"ImageObject","inLanguage":"es","@id":"https:\/\/www.ramioassessors.com\/es\/#\/schema\/logo\/image\/","url":"https:\/\/www.ramioassessors.com\/wp-content\/uploads\/2022\/10\/Ramio-Consulting.svg","contentUrl":"https:\/\/www.ramioassessors.com\/wp-content\/uploads\/2022\/10\/Ramio-Consulting.svg","width":155,"height":57,"caption":"Rami\u00f3 Assessors"},"image":{"@id":"https:\/\/www.ramioassessors.com\/es\/#\/schema\/logo\/image\/"}}]}},"_links":{"self":[{"href":"https:\/\/www.ramioassessors.com\/es\/wp-json\/wp\/v2\/pages\/139","targetHints":{"allow":["GET"]}}],"collection":[{"href":"https:\/\/www.ramioassessors.com\/es\/wp-json\/wp\/v2\/pages"}],"about":[{"href":"https:\/\/www.ramioassessors.com\/es\/wp-json\/wp\/v2\/types\/page"}],"author":[{"embeddable":true,"href":"https:\/\/www.ramioassessors.com\/es\/wp-json\/wp\/v2\/users\/2"}],"replies":[{"embeddable":true,"href":"https:\/\/www.ramioassessors.com\/es\/wp-json\/wp\/v2\/comments?post=139"}],"version-history":[{"count":0,"href":"https:\/\/www.ramioassessors.com\/es\/wp-json\/wp\/v2\/pages\/139\/revisions"}],"wp:attachment":[{"href":"https:\/\/www.ramioassessors.com\/es\/wp-json\/wp\/v2\/media?parent=139"}],"curies":[{"name":"wp","href":"https:\/\/api.w.org\/{rel}","templated":true}]}}